{"id":1234,"date":"2022-09-05T10:47:51","date_gmt":"2022-09-05T10:47:51","guid":{"rendered":"http:\/\/jarrumestarit.fi\/?page_id=1234"},"modified":"2026-04-13T08:17:12","modified_gmt":"2026-04-13T08:17:12","slug":"yhdistys","status":"publish","type":"page","link":"https:\/\/jarrumestarit.fi\/en\/yhdistys\/","title":{"rendered":"Association"},"content":{"rendered":"<div data-elementor-type=\"wp-page\" data-elementor-id=\"1234\" class=\"elementor elementor-1234\">\n\t\t\t\t\t\t<section class=\"elementor-section elementor-top-section elementor-element elementor-element-6c6442b elementor-section-boxed elementor-section-height-default elementor-section-height-default\" data-id=\"6c6442b\" data-element_type=\"section\" data-e-type=\"section\">\n\t\t\t\t\t\t<div class=\"elementor-container elementor-column-gap-default\">\n\t\t\t\t\t<div class=\"elementor-column elementor-col-100 elementor-top-column elementor-element elementor-element-726f747\" data-id=\"726f747\" data-element_type=\"column\" data-e-type=\"column\">\n\t\t\t<div class=\"elementor-widget-wrap elementor-element-populated\">\n\t\t\t\t\t\t<div class=\"elementor-element elementor-element-e939c3d elementor-widget elementor-widget-image\" data-id=\"e939c3d\" data-element_type=\"widget\" data-e-type=\"widget\" data-widget_type=\"image.default\">\n\t\t\t\t<div class=\"elementor-widget-container\">\n\t\t\t\t\t\t\t\t\t\t\t\t\t\t\t<img fetchpriority=\"high\" decoding=\"async\" width=\"300\" height=\"224\" src=\"https:\/\/jarrumestarit.fi\/wp-content\/uploads\/2024\/04\/VJM_logo_r_web-300x224.png\" class=\"attachment-medium size-medium wp-image-3322\" alt=\"\" srcset=\"https:\/\/jarrumestarit.fi\/wp-content\/uploads\/2024\/04\/VJM_logo_r_web-300x224.png 300w, https:\/\/jarrumestarit.fi\/wp-content\/uploads\/2024\/04\/VJM_logo_r_web-16x12.png 16w, https:\/\/jarrumestarit.fi\/wp-content\/uploads\/2024\/04\/VJM_logo_r_web.png 401w\" sizes=\"100vw\" \/>\t\t\t\t\t\t\t\t\t\t\t\t\t\t\t<\/div>\n\t\t\t\t<\/div>\n\t\t\t\t<div class=\"elementor-element elementor-element-33bf60a1 elementor-widget elementor-widget-text-editor\" data-id=\"33bf60a1\" data-element_type=\"widget\" data-e-type=\"widget\" data-widget_type=\"text-editor.default\">\n\t\t\t\t<div class=\"elementor-widget-container\">\n\t\t\t\t\t\t\t\t\t<p>Vuoristoradan Jarrumiehet ry is a registered non-profit association established in 2003 to nurture and respect the traditions of wooden roller coasters and their brakemen, and to promote fellowship and communication among its members.<\/p>\n<p>The core of the association's activities is the recording and dissemination of the culture and history of Linnanm\u00e4ki's iconic brakeman-operated roller coaster Vuoristorata through various media. As an important part of this activity, the association maintains the \"Vuoristorata's Brakemasters\" website as well as the Instagram and Facebook accounts.<\/p>\n<p>Former brakemen as well as private individuals or legal entities with strong ties to the association and who wish to support the purpose and activities of the association can be accepted as supporting members of the association.<\/p>\n<p><!-- \/wp:paragraph --><\/p>\n<p><!-- wp:paragraph --><\/p>\n<h4><strong><br \/>Board 2026\u20132027<\/strong><\/h4>\n<p><!-- \/wp:paragraph --><\/p>\n<p><!-- wp:paragraph --><\/p>\n<p><!-- \/wp:paragraph --><\/p>\n<p><!-- wp:heading --><\/p>\n<p><!-- \/wp:heading --><\/p>\n<p><!-- wp:paragraph --><\/p>\n<p>Isak \u2013 chair<br \/>Arnika \u2013 vice-chair<br \/>Marko \u2013 secretary<br \/>Samuel \u2013 treasurer<br \/>Joni \u2013 board member<br \/>Waltteri \u2013 board member<\/p>\n<p><!-- \/wp:paragraph --><\/p>\n<p><!-- \/wp:paragraph --><\/p>\n<p><!-- wp:paragraph --><\/p>\n<p><!-- \/wp:paragraph --><\/p>\n<p><!-- wp:paragraph --><\/p>\n<p><!-- \/wp:paragraph --><\/p>\n<p><!-- wp:paragraph --><\/p>\n<p><!-- \/wp:paragraph --><\/p>\n<p><!-- wp:paragraph --><\/p>\n<p><!-- \/wp:paragraph --><\/p>\n<p><!-- wp:heading --><\/p>\n<h4><strong><br \/>Contact<\/strong><\/h4>\n<p><!-- \/wp:heading --><\/p>\n<p><!-- wp:paragraph --><\/p>\n<p><!-- \/wp:paragraph --><\/p>\n<p><!-- wp:paragraph --><\/p>\n<p><span class=\"esim\">Email: <\/span>jarrumiehet@jarrumiehet.fi<\/p>\n<p><!-- \/wp:paragraph --><\/p>\n<p><!-- wp:paragraph --><\/p>\n<p><!-- \/wp:paragraph --><\/p>\t\t\t\t\t\t\t\t<\/div>\n\t\t\t\t<\/div>\n\t\t\t\t\t<\/div>\n\t\t<\/div>\n\t\t\t\t\t<\/div>\n\t\t<\/section>\n\t\t\t\t<\/div>","protected":false},"excerpt":{"rendered":"<p>Vuoristoradan Jarrumiehet ry on vuonna 2003 perustettu yhdistys, jonka tarkoituksena on vaalia ja kunnioittaa puisten vuoristoratojen ja niiden jarrumiesten perinteit\u00e4 sek\u00e4 edist\u00e4\u00e4 yhteist\u00e4 kanssak\u00e4ymist\u00e4 ja yhteydenpitoa j\u00e4sentens\u00e4 keskuudessa. Yhdistyksen toiminnan ydint\u00e4 on Linnanm\u00e4en Vuoristoradan kulttuurin ja historian tallentaminen ja levitt\u00e4minen muun muassa erilaisten medioiden kautta. T\u00e4rke\u00e4n\u00e4 osana t\u00e4t\u00e4 toimintaa yhdistys yll\u00e4pit\u00e4\u00e4 Vuoristoradan Jarrumestarien internet-sivuja sek\u00e4 &hellip; <\/p>\n<p class=\"link-more\"><a href=\"https:\/\/jarrumestarit.fi\/en\/yhdistys\/\" class=\"more-link\">Read more<span class=\"screen-reader-text\"> &#8220;Yhdistys&#8221;<\/span><\/a><\/p>","protected":false},"author":1,"featured_media":1746,"parent":0,"menu_order":0,"comment_status":"closed","ping_status":"closed","template":"","meta":{"footnotes":""},"class_list":["post-1234","page","type-page","status-publish","has-post-thumbnail","hentry"],"featured_media_urls":{"thumbnail":["https:\/\/jarrumestarit.fi\/wp-content\/uploads\/2022\/09\/06-yhdistys-150x150.jpg",150,150,true],"medium":["https:\/\/jarrumestarit.fi\/wp-content\/uploads\/2022\/09\/06-yhdistys-269x300.jpg",269,300,true],"medium_large":["https:\/\/jarrumestarit.fi\/wp-content\/uploads\/2022\/09\/06-yhdistys-768x857.jpg",768,857,true],"large":["https:\/\/jarrumestarit.fi\/wp-content\/uploads\/2022\/09\/06-yhdistys-917x1024.jpg",917,1024,true],"1536x1536":["https:\/\/jarrumestarit.fi\/wp-content\/uploads\/2022\/09\/06-yhdistys-1376x1536.jpg",1376,1536,true],"2048x2048":["https:\/\/jarrumestarit.fi\/wp-content\/uploads\/2022\/09\/06-yhdistys-1834x2048.jpg",1834,2048,true],"trp-custom-language-flag":["https:\/\/jarrumestarit.fi\/wp-content\/uploads\/2022\/09\/06-yhdistys-11x12.jpg",11,12,true],"inspiro-featured-image":["https:\/\/jarrumestarit.fi\/wp-content\/uploads\/2022\/09\/06-yhdistys-2000x2233.jpg",2000,2233,true],"inspiro-loop":["https:\/\/jarrumestarit.fi\/wp-content\/uploads\/2022\/09\/06-yhdistys-950x320.jpg",950,320,true],"inspiro-loop@2x":["https:\/\/jarrumestarit.fi\/wp-content\/uploads\/2022\/09\/06-yhdistys-1900x640.jpg",1900,640,true],"portfolio_item-thumbnail":["https:\/\/jarrumestarit.fi\/wp-content\/uploads\/2022\/09\/06-yhdistys-600x400.jpg",600,400,true],"portfolio_item-thumbnail@2x":["https:\/\/jarrumestarit.fi\/wp-content\/uploads\/2022\/09\/06-yhdistys-scaled-1200x800.jpg",1200,800,true],"portfolio_item-masonry":["https:\/\/jarrumestarit.fi\/wp-content\/uploads\/2022\/09\/06-yhdistys-600x670.jpg",600,670,true],"portfolio_item-masonry@2x":["https:\/\/jarrumestarit.fi\/wp-content\/uploads\/2022\/09\/06-yhdistys-scaled-1200x1340.jpg",1200,1340,true],"portfolio_item-thumbnail_cinema":["https:\/\/jarrumestarit.fi\/wp-content\/uploads\/2022\/09\/06-yhdistys-800x335.jpg",800,335,true],"portfolio_item-thumbnail_portrait":["https:\/\/jarrumestarit.fi\/wp-content\/uploads\/2022\/09\/06-yhdistys-600x900.jpg",600,900,true],"portfolio_item-thumbnail_portrait@2x":["https:\/\/jarrumestarit.fi\/wp-content\/uploads\/2022\/09\/06-yhdistys-scaled-1200x1800.jpg",1200,1800,true],"portfolio_item-thumbnail_square":["https:\/\/jarrumestarit.fi\/wp-content\/uploads\/2022\/09\/06-yhdistys-800x800.jpg",800,800,true]},"_links":{"self":[{"href":"https:\/\/jarrumestarit.fi\/en\/wp-json\/wp\/v2\/pages\/1234","targetHints":{"allow":["GET"]}}],"collection":[{"href":"https:\/\/jarrumestarit.fi\/en\/wp-json\/wp\/v2\/pages"}],"about":[{"href":"https:\/\/jarrumestarit.fi\/en\/wp-json\/wp\/v2\/types\/page"}],"author":[{"embeddable":true,"href":"https:\/\/jarrumestarit.fi\/en\/wp-json\/wp\/v2\/users\/1"}],"replies":[{"embeddable":true,"href":"https:\/\/jarrumestarit.fi\/en\/wp-json\/wp\/v2\/comments?post=1234"}],"version-history":[{"count":96,"href":"https:\/\/jarrumestarit.fi\/en\/wp-json\/wp\/v2\/pages\/1234\/revisions"}],"predecessor-version":[{"id":4126,"href":"https:\/\/jarrumestarit.fi\/en\/wp-json\/wp\/v2\/pages\/1234\/revisions\/4126"}],"wp:featuredmedia":[{"embeddable":true,"href":"https:\/\/jarrumestarit.fi\/en\/wp-json\/wp\/v2\/media\/1746"}],"wp:attachment":[{"href":"https:\/\/jarrumestarit.fi\/en\/wp-json\/wp\/v2\/media?parent=1234"}],"curies":[{"name":"wp","href":"https:\/\/api.w.org\/{rel}","templated":true}]}}