{"id":1226,"date":"2022-09-05T10:46:34","date_gmt":"2022-09-05T10:46:34","guid":{"rendered":"http:\/\/jarrumestarit.fi\/?page_id=1226"},"modified":"2026-01-14T19:22:49","modified_gmt":"2026-01-14T19:22:49","slug":"vuoristorata","status":"publish","type":"page","link":"https:\/\/jarrumestarit.fi\/en\/vuoristorata\/","title":{"rendered":"Vuoristorata"},"content":{"rendered":"<div data-elementor-type=\"wp-page\" data-elementor-id=\"1226\" class=\"elementor elementor-1226\">\n\t\t\t\t\t\t<section class=\"elementor-section elementor-top-section elementor-element elementor-element-2d6003e elementor-section-boxed elementor-section-height-default elementor-section-height-default\" data-id=\"2d6003e\" data-element_type=\"section\">\n\t\t\t\t\t\t<div class=\"elementor-container elementor-column-gap-default\">\n\t\t\t\t\t<div class=\"elementor-column elementor-col-100 elementor-top-column elementor-element elementor-element-469091c\" data-id=\"469091c\" data-element_type=\"column\">\n\t\t\t<div class=\"elementor-widget-wrap elementor-element-populated\">\n\t\t\t\t\t\t<div class=\"elementor-element elementor-element-aac123c elementor-widget elementor-widget-text-editor\" data-id=\"aac123c\" data-element_type=\"widget\" data-widget_type=\"text-editor.default\">\n\t\t\t\t<div class=\"elementor-widget-container\">\n\t\t\t\t\t\t\t\t\t<p>Opened on 13th of July 1951, wooden roller coaster Vuoristorata is the pride and crown jewel of Linnanm\u00e4ki amusement park in Helsinki, Finland and the most popular attraction throughout the park's history. Vuoristorata is operated by <a href=\"https:\/\/jarrumestarit.fi\/en\/jarrumestarit\/\">the brakemasters<\/a>.<\/p><p>There are currently only six operating roller coasters in the world to feature onboard brakemen, so Vuoristorata is a very valuable and rare attraction on a global scale.<\/p><p>A prestigious roller coaster club <a href=\"https:\/\/www.aceonline.org\/\" target=\"_blank\" rel=\"noopener\">American Coaster Enthusiasts<\/a>\u00a0(ACE) has granted Vuoristorata <a href=\"https:\/\/www.aceonline.org\/page\/Classic\" target=\"_blank\" rel=\"noopener\">the \"Coaster Classic\" status<\/a>, given to only 30 roller coasters worldwide. In addition, ACE has recognized Vuoristorata as a\u00a0<a href=\"https:\/\/www.aceonline.org\/page\/Landmark\" target=\"_blank\" rel=\"noopener\">Roller Coaster Landmark<\/a>, a recognition reserved for roller coasters of historical significance.<\/p><p>Learn more about the story of Vuoristorata on the <a href=\"\/en\/historia\/\">history page<\/a>!<\/p>\t\t\t\t\t\t\t\t<\/div>\n\t\t\t\t<\/div>\n\t\t\t\t\t<\/div>\n\t\t<\/div>\n\t\t\t\t\t<\/div>\n\t\t<\/section>\n\t\t\t\t<section class=\"elementor-section elementor-top-section elementor-element elementor-element-408a22d elementor-section-boxed elementor-section-height-default elementor-section-height-default\" data-id=\"408a22d\" data-element_type=\"section\">\n\t\t\t\t\t\t<div class=\"elementor-container elementor-column-gap-default\">\n\t\t\t\t\t<div class=\"elementor-column elementor-col-100 elementor-top-column elementor-element elementor-element-31aab80\" data-id=\"31aab80\" data-element_type=\"column\">\n\t\t\t<div class=\"elementor-widget-wrap elementor-element-populated\">\n\t\t\t\t\t\t<div class=\"elementor-element elementor-element-feb0a9f elementor-widget elementor-widget-image\" data-id=\"feb0a9f\" data-element_type=\"widget\" data-widget_type=\"image.default\">\n\t\t\t\t<div class=\"elementor-widget-container\">\n\t\t\t\t\t\t\t\t\t\t\t\t\t\t\t<img fetchpriority=\"high\" decoding=\"async\" width=\"843\" height=\"601\" src=\"https:\/\/jarrumestarit.fi\/wp-content\/uploads\/2022\/09\/Vuoristorata-1951.jpg\" class=\"attachment-full size-full wp-image-1262\" alt=\"\" srcset=\"https:\/\/jarrumestarit.fi\/wp-content\/uploads\/2022\/09\/Vuoristorata-1951.jpg 843w, https:\/\/jarrumestarit.fi\/wp-content\/uploads\/2022\/09\/Vuoristorata-1951-300x214.jpg 300w, https:\/\/jarrumestarit.fi\/wp-content\/uploads\/2022\/09\/Vuoristorata-1951-768x548.jpg 768w, https:\/\/jarrumestarit.fi\/wp-content\/uploads\/2022\/09\/Vuoristorata-1951-600x428.jpg 600w, https:\/\/jarrumestarit.fi\/wp-content\/uploads\/2022\/09\/Vuoristorata-1951-18x12.jpg 18w\" sizes=\"100vw\" \/>\t\t\t\t\t\t\t\t\t\t\t\t\t\t\t<\/div>\n\t\t\t\t<\/div>\n\t\t\t\t\t<\/div>\n\t\t<\/div>\n\t\t\t\t\t<\/div>\n\t\t<\/section>\n\t\t\t\t<section class=\"elementor-section elementor-top-section elementor-element elementor-element-98f0ecc elementor-section-boxed elementor-section-height-default elementor-section-height-default\" data-id=\"98f0ecc\" data-element_type=\"section\">\n\t\t\t\t\t\t<div class=\"elementor-container elementor-column-gap-default\">\n\t\t\t\t\t<div class=\"elementor-column elementor-col-100 elementor-top-column elementor-element elementor-element-5b3acfd\" data-id=\"5b3acfd\" data-element_type=\"column\">\n\t\t\t<div class=\"elementor-widget-wrap elementor-element-populated\">\n\t\t\t\t\t\t<div class=\"elementor-element elementor-element-5ff6e6f elementor-widget elementor-widget-image\" data-id=\"5ff6e6f\" data-element_type=\"widget\" data-widget_type=\"image.default\">\n\t\t\t\t<div class=\"elementor-widget-container\">\n\t\t\t\t\t\t\t\t\t\t\t\t\t\t\t<img decoding=\"async\" width=\"950\" height=\"705\" src=\"https:\/\/jarrumestarit.fi\/wp-content\/uploads\/2025\/07\/ace-plaque-1024x760.jpg\" class=\"attachment-large size-large wp-image-3831\" alt=\"\" srcset=\"https:\/\/jarrumestarit.fi\/wp-content\/uploads\/2025\/07\/ace-plaque-1024x760.jpg 1024w, https:\/\/jarrumestarit.fi\/wp-content\/uploads\/2025\/07\/ace-plaque-300x223.jpg 300w, https:\/\/jarrumestarit.fi\/wp-content\/uploads\/2025\/07\/ace-plaque-16x12.jpg 16w, https:\/\/jarrumestarit.fi\/wp-content\/uploads\/2025\/07\/ace-plaque-600x445.jpg 600w, https:\/\/jarrumestarit.fi\/wp-content\/uploads\/2025\/07\/ace-plaque-1200x890.jpg 1200w, https:\/\/jarrumestarit.fi\/wp-content\/uploads\/2025\/07\/ace-plaque.jpg 1477w\" sizes=\"100vw\" \/>\t\t\t\t\t\t\t\t\t\t\t\t\t\t\t<\/div>\n\t\t\t\t<\/div>\n\t\t\t\t\t<\/div>\n\t\t<\/div>\n\t\t\t\t\t<\/div>\n\t\t<\/section>\n\t\t\t\t<\/div>","protected":false},"excerpt":{"rendered":"<p>Hein\u00e4kuun 13. p\u00e4iv\u00e4n\u00e4 vuonna 1951 avattu Vuoristorata on Linnanm\u00e4en ylpeys ja kruununjalokivi, huvipuiston ylivoimaisesti suosituin laite kautta historian. Vuoristoradan toiminnasta vastaavat jarrumestarit. Vuoristoradan kaltaisia jarrumiehellisi\u00e4 ratoja on toiminnassa en\u00e4\u00e4 kuusi kappaletta, joten Vuoristorata on eritt\u00e4in arvokas ja harvinainen laite koko maailman mittakaavassa. Arvostettu yhdysvaltalainen vuoristoratakerho American Coaster Enthusiasts\u00a0(ACE) on my\u00f6nt\u00e4nyt Vuoristoradalle klassikko-arvonimen, jonka on saanut &hellip; <\/p>\n<p class=\"link-more\"><a href=\"https:\/\/jarrumestarit.fi\/en\/vuoristorata\/\" class=\"more-link\">Read more<span class=\"screen-reader-text\"> &#8220;Vuoristorata&#8221;<\/span><\/a><\/p>","protected":false},"author":1,"featured_media":1742,"parent":0,"menu_order":0,"comment_status":"closed","ping_status":"closed","template":"","meta":{"footnotes":""},"class_list":["post-1226","page","type-page","status-publish","has-post-thumbnail","hentry"],"featured_media_urls":{"thumbnail":["https:\/\/jarrumestarit.fi\/wp-content\/uploads\/2022\/09\/02-vuoristorata-150x150.jpg",150,150,true],"medium":["https:\/\/jarrumestarit.fi\/wp-content\/uploads\/2022\/09\/02-vuoristorata-300x200.jpg",300,200,true],"medium_large":["https:\/\/jarrumestarit.fi\/wp-content\/uploads\/2022\/09\/02-vuoristorata-768x512.jpg",768,512,true],"large":["https:\/\/jarrumestarit.fi\/wp-content\/uploads\/2022\/09\/02-vuoristorata-1024x683.jpg",950,634,true],"1536x1536":["https:\/\/jarrumestarit.fi\/wp-content\/uploads\/2022\/09\/02-vuoristorata-1536x1024.jpg",1536,1024,true],"2048x2048":["https:\/\/jarrumestarit.fi\/wp-content\/uploads\/2022\/09\/02-vuoristorata-2048x1365.jpg",2048,1365,true],"trp-custom-language-flag":["https:\/\/jarrumestarit.fi\/wp-content\/uploads\/2022\/09\/02-vuoristorata-18x12.jpg",18,12,true],"inspiro-featured-image":["https:\/\/jarrumestarit.fi\/wp-content\/uploads\/2022\/09\/02-vuoristorata-2000x1333.jpg",2000,1333,true],"inspiro-loop":["https:\/\/jarrumestarit.fi\/wp-content\/uploads\/2022\/09\/02-vuoristorata-950x320.jpg",950,320,true],"inspiro-loop@2x":["https:\/\/jarrumestarit.fi\/wp-content\/uploads\/2022\/09\/02-vuoristorata-1900x640.jpg",1900,640,true],"portfolio_item-thumbnail":["https:\/\/jarrumestarit.fi\/wp-content\/uploads\/2022\/09\/02-vuoristorata-600x400.jpg",600,400,true],"portfolio_item-thumbnail@2x":["https:\/\/jarrumestarit.fi\/wp-content\/uploads\/2022\/09\/02-vuoristorata-scaled-1200x800.jpg",1200,800,true],"portfolio_item-masonry":["https:\/\/jarrumestarit.fi\/wp-content\/uploads\/2022\/09\/02-vuoristorata-600x400.jpg",600,400,true],"portfolio_item-masonry@2x":["https:\/\/jarrumestarit.fi\/wp-content\/uploads\/2022\/09\/02-vuoristorata-scaled-1200x800.jpg",1200,800,true],"portfolio_item-thumbnail_cinema":["https:\/\/jarrumestarit.fi\/wp-content\/uploads\/2022\/09\/02-vuoristorata-800x335.jpg",800,335,true],"portfolio_item-thumbnail_portrait":["https:\/\/jarrumestarit.fi\/wp-content\/uploads\/2022\/09\/02-vuoristorata-600x900.jpg",600,900,true],"portfolio_item-thumbnail_portrait@2x":["https:\/\/jarrumestarit.fi\/wp-content\/uploads\/2022\/09\/02-vuoristorata-scaled-1200x1707.jpg",1200,1707,true],"portfolio_item-thumbnail_square":["https:\/\/jarrumestarit.fi\/wp-content\/uploads\/2022\/09\/02-vuoristorata-800x800.jpg",800,800,true]},"_links":{"self":[{"href":"https:\/\/jarrumestarit.fi\/en\/wp-json\/wp\/v2\/pages\/1226","targetHints":{"allow":["GET"]}}],"collection":[{"href":"https:\/\/jarrumestarit.fi\/en\/wp-json\/wp\/v2\/pages"}],"about":[{"href":"https:\/\/jarrumestarit.fi\/en\/wp-json\/wp\/v2\/types\/page"}],"author":[{"embeddable":true,"href":"https:\/\/jarrumestarit.fi\/en\/wp-json\/wp\/v2\/users\/1"}],"replies":[{"embeddable":true,"href":"https:\/\/jarrumestarit.fi\/en\/wp-json\/wp\/v2\/comments?post=1226"}],"version-history":[{"count":57,"href":"https:\/\/jarrumestarit.fi\/en\/wp-json\/wp\/v2\/pages\/1226\/revisions"}],"predecessor-version":[{"id":3980,"href":"https:\/\/jarrumestarit.fi\/en\/wp-json\/wp\/v2\/pages\/1226\/revisions\/3980"}],"wp:featuredmedia":[{"embeddable":true,"href":"https:\/\/jarrumestarit.fi\/en\/wp-json\/wp\/v2\/media\/1742"}],"wp:attachment":[{"href":"https:\/\/jarrumestarit.fi\/en\/wp-json\/wp\/v2\/media?parent=1226"}],"curies":[{"name":"wp","href":"https:\/\/api.w.org\/{rel}","templated":true}]}}